{"id":23,"date":"2015-02-05T10:21:52","date_gmt":"2015-02-05T07:21:52","guid":{"rendered":"http:\/\/wpcharming.wpengine.com\/construction\/?page_id=23"},"modified":"2020-01-06T11:32:23","modified_gmt":"2020-01-06T08:32:23","slug":"bizden-haberler","status":"publish","type":"page","link":"https:\/\/gazitugrainsaat.com\/en\/bizden-haberler\/","title":{"rendered":"News"},"content":{"rendered":"","protected":false},"excerpt":{"rendered":"","protected":false},"author":1,"featured_media":0,"parent":0,"menu_order":0,"comment_status":"open","ping_status":"closed","template":"","meta":[],"yoast_head":"<!-- This site is optimized with the Yoast SEO plugin v15.0 - https:\/\/yoast.com\/wordpress\/plugins\/seo\/ -->\n<title>Bizden Haberler - Gazi Tu\u011fra \u0130n\u015faat<\/title>\n<meta name=\"robots\" content=\"index, follow, max-snippet:-1, max-image-preview:large, max-video-preview:-1\" \/>\n<link rel=\"canonical\" href=\"https:\/\/gazitugrainsaat.com\/en\/bizden-haberler\/\" \/>\n<meta property=\"og:locale\" content=\"en_GB\" \/>\n<meta property=\"og:type\" content=\"article\" \/>\n<meta property=\"og:title\" content=\"Bizden Haberler - Gazi Tu\u011fra \u0130n\u015faat\" \/>\n<meta property=\"og:url\" content=\"https:\/\/gazitugrainsaat.com\/en\/bizden-haberler\/\" \/>\n<meta property=\"og:site_name\" content=\"Gazi Tu\u011fra \u0130n\u015faat\" \/>\n<meta property=\"article:modified_time\" content=\"2020-01-06T08:32:23+00:00\" \/>\n<meta name=\"twitter:card\" content=\"summary_large_image\" \/>\n<script type=\"application\/ld+json\" class=\"yoast-schema-graph\">{\"@context\":\"https:\/\/schema.org\",\"@graph\":[{\"@type\":\"WebSite\",\"@id\":\"https:\/\/gazitugrainsaat.com\/en\/#website\",\"url\":\"https:\/\/gazitugrainsaat.com\/en\/\",\"name\":\"Gazi Tu\\u011fra \\u0130n\\u015faat\",\"description\":\"Beklentilerinizin kar\\u015f\\u0131l\\u0131\\u011f\\u0131n\\u0131 g\\u00f6rmek i\\u00e7in..\",\"potentialAction\":[{\"@type\":\"SearchAction\",\"target\":\"https:\/\/gazitugrainsaat.com\/en\/?s={search_term_string}\",\"query-input\":\"required name=search_term_string\"}],\"inLanguage\":\"en-GB\"},{\"@type\":\"WebPage\",\"@id\":\"https:\/\/gazitugrainsaat.com\/bizden-haberler\/#webpage\",\"url\":\"https:\/\/gazitugrainsaat.com\/bizden-haberler\/\",\"name\":\"Bizden Haberler - Gazi Tu\\u011fra \\u0130n\\u015faat\",\"isPartOf\":{\"@id\":\"https:\/\/gazitugrainsaat.com\/en\/#website\"},\"datePublished\":\"2015-02-05T07:21:52+00:00\",\"dateModified\":\"2020-01-06T08:32:23+00:00\",\"inLanguage\":\"en-GB\",\"potentialAction\":[{\"@type\":\"ReadAction\",\"target\":[\"https:\/\/gazitugrainsaat.com\/bizden-haberler\/\"]}]}]}<\/script>\n<!-- \/ Yoast SEO plugin. -->","_links":{"self":[{"href":"https:\/\/gazitugrainsaat.com\/en\/wp-json\/wp\/v2\/pages\/23"}],"collection":[{"href":"https:\/\/gazitugrainsaat.com\/en\/wp-json\/wp\/v2\/pages"}],"about":[{"href":"https:\/\/gazitugrainsaat.com\/en\/wp-json\/wp\/v2\/types\/page"}],"author":[{"embeddable":true,"href":"https:\/\/gazitugrainsaat.com\/en\/wp-json\/wp\/v2\/users\/1"}],"replies":[{"embeddable":true,"href":"https:\/\/gazitugrainsaat.com\/en\/wp-json\/wp\/v2\/comments?post=23"}],"version-history":[{"count":2,"href":"https:\/\/gazitugrainsaat.com\/en\/wp-json\/wp\/v2\/pages\/23\/revisions"}],"predecessor-version":[{"id":937,"href":"https:\/\/gazitugrainsaat.com\/en\/wp-json\/wp\/v2\/pages\/23\/revisions\/937"}],"wp:attachment":[{"href":"https:\/\/gazitugrainsaat.com\/en\/wp-json\/wp\/v2\/media?parent=23"}],"curies":[{"name":"wp","href":"https:\/\/api.w.org\/{rel}","templated":true}]}}