{"id":37,"date":"2015-02-05T10:36:18","date_gmt":"2015-02-05T10:36:18","guid":{"rendered":"http:\/\/wpcharming.wpengine.com\/construction\/?page_id=37"},"modified":"2020-06-24T16:20:44","modified_gmt":"2020-06-24T13:20:44","slug":"hizmet-isleri","status":"publish","type":"page","link":"https:\/\/gazitugrainsaat.com\/en\/field-of-activity\/hizmet-isleri\/","title":{"rendered":"SERVICE WORKS"},"content":{"rendered":"<div id=\"wpc_6a05a43a9bc1a\" class=\"vc_row wpb_row vc_row-fluid\">\n\t\t<div class=\"row_inner_wrapper  clearfix\" style=\"padding-top: 0px;padding-bottom: 0px;\">\n\t\t\t<div class=\"row_inner row_center_content clearfix\"><div class=\"wpb_column vc_column_container vc_col-sm-12\"><div class=\"vc_column-inner\"><div class=\"wpb_wrapper\">\n\t<div  class=\"wpb_single_image wpb_content_element vc_align_left\">\n\t\t\n\t\t<figure class=\"wpb_wrapper vc_figure\">\n\t\t\t<div class=\"vc_single_image-wrapper   vc_box_border_grey\"><img class=\"vc_single_image-img\" src=\"https:\/\/gazitugrainsaat.com\/wp-content\/uploads\/2020\/06\/planning-3536753-1-scaled-1000x600.jpg\" width=\"1000\" height=\"600\" alt=\"planning-3536753 (1)\" title=\"planning-3536753 (1)\" \/><\/div>\n\t\t<\/figure>\n\t<\/div>\n\n\t<div class=\"wpb_text_column wpb_content_element\" >\n\t\t<div class=\"wpb_wrapper\">\n\t\t\t\n        <style type='text\/css'>\n            #gallery-1 .gallery-item {\n                float: left;\n                text-align: center;\n                width: 20%;\n                margin-bottom:0;\n            }\n            #gallery-1 img {\n            }\n            #gallery-1 .gallery-caption {\n                margin-left: 0;\n            }\n        <\/style>\n\t\t<div id='gallery-1' class='gallery  gallery-columns-5 gallery-size-medium-thumb gallery-lightbox'><dl class='gallery-item'>\n            <dt class='gallery-icon'>\n                <a href='https:\/\/gazitugrainsaat.com\/wp-content\/uploads\/2015\/02\/slider03.jpg'><img width=\"600\" height=\"300\" src=\"https:\/\/gazitugrainsaat.com\/wp-content\/uploads\/2015\/02\/slider03-600x300.jpg\" class=\"attachment-medium-thumb size-medium-thumb\" alt=\"\" loading=\"lazy\" srcset=\"https:\/\/gazitugrainsaat.com\/wp-content\/uploads\/2015\/02\/slider03-600x300.jpg 600w, https:\/\/gazitugrainsaat.com\/wp-content\/uploads\/2015\/02\/slider03-300x150.jpg 300w, https:\/\/gazitugrainsaat.com\/wp-content\/uploads\/2015\/02\/slider03-1024x512.jpg 1024w, https:\/\/gazitugrainsaat.com\/wp-content\/uploads\/2015\/02\/slider03-768x384.jpg 768w, https:\/\/gazitugrainsaat.com\/wp-content\/uploads\/2015\/02\/slider03-1536x768.jpg 1536w, https:\/\/gazitugrainsaat.com\/wp-content\/uploads\/2015\/02\/slider03-400x200.jpg 400w, https:\/\/gazitugrainsaat.com\/wp-content\/uploads\/2015\/02\/slider03-800x400.jpg 800w, https:\/\/gazitugrainsaat.com\/wp-content\/uploads\/2015\/02\/slider03.jpg 1600w\" sizes=\"(max-width: 600px) 100vw, 600px\" \/><\/a>\n            <\/dt><\/dl>\n            <div class=\"clear\"><\/div>\n        <\/div>\n\n\n\t\t<\/div>\n\t<\/div>\n<\/div><\/div><\/div>\n\t\t\t<\/div>\n\t\t<\/div>\n<\/div>\n<div id=\"wpc_6a05a43a9e3c0\" class=\"vc_row wpb_row vc_row-fluid\">\n\t\t<div class=\"row_inner_wrapper  clearfix\">\n\t\t\t<div class=\"row_inner row_center_content clearfix\"><div class=\"wpb_column vc_column_container vc_col-sm-6\"><div class=\"vc_column-inner\"><div class=\"wpb_wrapper\">\n\t<div class=\"wpb_text_column wpb_content_element  wpb_animate_when_almost_visible wpb_fadeInLeft fadeInLeft\" >\n\t\t<div class=\"wpb_wrapper\">\n\t\t\t<ul>\n<li>\n<h5>Transportation Services<\/h5>\n<\/li>\n<li>\n<h5>construction machinery rental services<\/h5>\n<\/li>\n<li>\n<h5>goods and material supply services<\/h5>\n<\/li>\n<li>\n<h5>project design services<\/h5>\n<\/li>\n<\/ul>\n\n\t\t<\/div>\n\t<\/div>\n<\/div><\/div><\/div><div class=\"wpb_column vc_column_container vc_col-sm-6\"><div class=\"vc_column-inner\"><div class=\"wpb_wrapper\"><\/div><\/div><\/div>\n\t\t\t<\/div>\n\t\t<\/div>\n<\/div>","protected":false},"excerpt":{"rendered":"<p>Transportation Services, Construction Machinery Rental, Goods and Materials Supply Services, Project Services<\/p>","protected":false},"author":1,"featured_media":1395,"parent":17,"menu_order":0,"comment_status":"open","ping_status":"closed","template":"","meta":[],"yoast_head":"<!-- This site is optimized with the Yoast SEO plugin v15.0 - https:\/\/yoast.com\/wordpress\/plugins\/seo\/ -->\n<title>H\u0130ZMET \u0130\u015eLER\u0130 - Gazi Tu\u011fra \u0130n\u015faat<\/title>\n<meta name=\"robots\" content=\"index, follow, max-snippet:-1, max-image-preview:large, max-video-preview:-1\" \/>\n<link rel=\"canonical\" href=\"https:\/\/gazitugrainsaat.com\/en\/field-of-activity\/hizmet-isleri\/\" \/>\n<meta property=\"og:locale\" content=\"en_GB\" \/>\n<meta property=\"og:type\" content=\"article\" \/>\n<meta property=\"og:title\" content=\"H\u0130ZMET \u0130\u015eLER\u0130 - Gazi Tu\u011fra \u0130n\u015faat\" \/>\n<meta property=\"og:description\" content=\"Nakliye Hizmetleri , \u0130\u015f Makineleri Kiralama, Mal ve Malzeme Tedarik Hizmetleri, Proje Hizmetleri\" \/>\n<meta property=\"og:url\" content=\"https:\/\/gazitugrainsaat.com\/en\/field-of-activity\/hizmet-isleri\/\" \/>\n<meta property=\"og:site_name\" content=\"Gazi Tu\u011fra \u0130n\u015faat\" \/>\n<meta property=\"article:modified_time\" content=\"2020-06-24T13:20:44+00:00\" \/>\n<meta property=\"og:image\" content=\"https:\/\/gazitugrainsaat.com\/wp-content\/uploads\/2020\/06\/planning-3536753-1-scaled.jpg\" \/>\n\t<meta property=\"og:image:width\" content=\"2560\" \/>\n\t<meta property=\"og:image:height\" content=\"1707\" \/>\n<meta name=\"twitter:card\" content=\"summary_large_image\" \/>\n<script type=\"application\/ld+json\" class=\"yoast-schema-graph\">{\"@context\":\"https:\/\/schema.org\",\"@graph\":[{\"@type\":\"WebSite\",\"@id\":\"https:\/\/gazitugrainsaat.com\/en\/#website\",\"url\":\"https:\/\/gazitugrainsaat.com\/en\/\",\"name\":\"Gazi Tu\\u011fra \\u0130n\\u015faat\",\"description\":\"Beklentilerinizin kar\\u015f\\u0131l\\u0131\\u011f\\u0131n\\u0131 g\\u00f6rmek i\\u00e7in..\",\"potentialAction\":[{\"@type\":\"SearchAction\",\"target\":\"https:\/\/gazitugrainsaat.com\/en\/?s={search_term_string}\",\"query-input\":\"required name=search_term_string\"}],\"inLanguage\":\"en-GB\"},{\"@type\":\"ImageObject\",\"@id\":\"https:\/\/gazitugrainsaat.com\/faaliyet-alanlarimiz\/hizmet-isleri\/#primaryimage\",\"inLanguage\":\"en-GB\",\"url\":\"https:\/\/gazitugrainsaat.com\/wp-content\/uploads\/2020\/06\/planning-3536753-1-scaled.jpg\",\"width\":2560,\"height\":1707},{\"@type\":\"WebPage\",\"@id\":\"https:\/\/gazitugrainsaat.com\/faaliyet-alanlarimiz\/hizmet-isleri\/#webpage\",\"url\":\"https:\/\/gazitugrainsaat.com\/faaliyet-alanlarimiz\/hizmet-isleri\/\",\"name\":\"H\\u0130ZMET \\u0130\\u015eLER\\u0130 - Gazi Tu\\u011fra \\u0130n\\u015faat\",\"isPartOf\":{\"@id\":\"https:\/\/gazitugrainsaat.com\/en\/#website\"},\"primaryImageOfPage\":{\"@id\":\"https:\/\/gazitugrainsaat.com\/faaliyet-alanlarimiz\/hizmet-isleri\/#primaryimage\"},\"datePublished\":\"2015-02-05T10:36:18+00:00\",\"dateModified\":\"2020-06-24T13:20:44+00:00\",\"inLanguage\":\"en-GB\",\"potentialAction\":[{\"@type\":\"ReadAction\",\"target\":[\"https:\/\/gazitugrainsaat.com\/faaliyet-alanlarimiz\/hizmet-isleri\/\"]}]}]}<\/script>\n<!-- \/ Yoast SEO plugin. -->","_links":{"self":[{"href":"https:\/\/gazitugrainsaat.com\/en\/wp-json\/wp\/v2\/pages\/37"}],"collection":[{"href":"https:\/\/gazitugrainsaat.com\/en\/wp-json\/wp\/v2\/pages"}],"about":[{"href":"https:\/\/gazitugrainsaat.com\/en\/wp-json\/wp\/v2\/types\/page"}],"author":[{"embeddable":true,"href":"https:\/\/gazitugrainsaat.com\/en\/wp-json\/wp\/v2\/users\/1"}],"replies":[{"embeddable":true,"href":"https:\/\/gazitugrainsaat.com\/en\/wp-json\/wp\/v2\/comments?post=37"}],"version-history":[{"count":9,"href":"https:\/\/gazitugrainsaat.com\/en\/wp-json\/wp\/v2\/pages\/37\/revisions"}],"predecessor-version":[{"id":1399,"href":"https:\/\/gazitugrainsaat.com\/en\/wp-json\/wp\/v2\/pages\/37\/revisions\/1399"}],"up":[{"embeddable":true,"href":"https:\/\/gazitugrainsaat.com\/en\/wp-json\/wp\/v2\/pages\/17"}],"wp:featuredmedia":[{"embeddable":true,"href":"https:\/\/gazitugrainsaat.com\/en\/wp-json\/wp\/v2\/media\/1395"}],"wp:attachment":[{"href":"https:\/\/gazitugrainsaat.com\/en\/wp-json\/wp\/v2\/media?parent=37"}],"curies":[{"name":"wp","href":"https:\/\/api.w.org\/{rel}","templated":true}]}}